{"id":126,"date":"2020-03-13T18:12:31","date_gmt":"2020-03-13T17:12:31","guid":{"rendered":"http:\/\/www.villadjerba.be\/blog\/?page_id=126"},"modified":"2020-03-16T18:25:08","modified_gmt":"2020-03-16T17:25:08","slug":"sur-lile-de-djerba","status":"publish","type":"page","link":"https:\/\/www.villadjerba.be\/blog\/index.php\/sur-lile-de-djerba\/","title":{"rendered":"Sur l&rsquo;\u00eele de Djerba"},"content":{"rendered":"\n<h2>March\u00e9 hebdomadaire \u00e0 300 m de la villa<\/h2>\n\n\n\n<h2>Centre commercial \u00e0 300 m de la villa<\/h2>\n\n\n\n<h2>Promenade en Quad ( +\/- 17\u20ac \/ h )<\/h2>\n\n\n\n<h2>Kite surf<\/h2>\n\n\n\n<h2>Jet ski ( +\/- 17\u20ac \/ 20 min )<\/h2>\n\n\n\n<h2>Plong\u00e9e<\/h2>\n\n\n\n<h2>Le golf ( 27 trous )<\/h2>\n\n\n\n<figure class=\"wp-block-image size-large\"><img loading=\"lazy\" width=\"768\" height=\"1024\" src=\"http:\/\/www.villadjerba.be\/blog\/wp-content\/uploads\/2020\/03\/39082555-b0ea-463d-a157-48a1d7dae17f.jpg\" alt=\"\" class=\"wp-image-138\" srcset=\"https:\/\/www.villadjerba.be\/blog\/wp-content\/uploads\/2020\/03\/39082555-b0ea-463d-a157-48a1d7dae17f.jpg 768w, https:\/\/www.villadjerba.be\/blog\/wp-content\/uploads\/2020\/03\/39082555-b0ea-463d-a157-48a1d7dae17f-225x300.jpg 225w\" sizes=\"(max-width: 767px) 89vw, (max-width: 1000px) 54vw, (max-width: 1071px) 543px, 580px\" \/><\/figure>\n\n\n\n<h2>Bowling + billiard<\/h2>\n\n\n\n<h2>Visite de l&rsquo;\u00eele aux  flamands roses ( bateau pirate )<\/h2>\n\n\n\n<p>1 journ\u00e9e, repas compris +\/- 12 \u20ac<\/p>\n\n\n\n<h2>La gribba ( synagogue )<\/h2>\n\n\n\n<figure class=\"wp-block-image size-large\"><img loading=\"lazy\" width=\"516\" height=\"387\" src=\"http:\/\/www.villadjerba.be\/blog\/wp-content\/uploads\/2020\/03\/jour6-004.jpg\" alt=\"mus\u00e9e\" class=\"wp-image-53\" srcset=\"https:\/\/www.villadjerba.be\/blog\/wp-content\/uploads\/2020\/03\/jour6-004.jpg 516w, https:\/\/www.villadjerba.be\/blog\/wp-content\/uploads\/2020\/03\/jour6-004-300x225.jpg 300w\" sizes=\"(max-width: 516px) 100vw, 516px\" \/><\/figure>\n\n\n\n<h2>Djerba explore ( ferme aux crocodiles )<\/h2>\n\n\n\n<h2>Tour de l&rsquo;\u00eele avec visite<\/h2>\n\n\n\n<ul><li>de la poterie ( guellaba )<\/li><li>chauss\u00e9e romaine ( pont de +\/- 2 km )<\/li><li>Ajim bac ( Travers\u00e9e en bateau )<\/li><li>La c\u00f4te ouest ( sauvage )<\/li><li>Le fort<\/li><\/ul>\n","protected":false},"excerpt":{"rendered":"<p>March\u00e9 hebdomadaire \u00e0 300 m de la villa Centre commercial \u00e0 300 m de la villa Promenade en Quad ( +\/- 17\u20ac \/ h ) Kite surf Jet ski ( +\/- 17\u20ac \/ 20 min ) Plong\u00e9e Le golf ( 27 trous ) Bowling + billiard Visite de l&rsquo;\u00eele aux flamands roses ( bateau pirate &hellip; <\/p>\n<p class=\"link-more\"><a href=\"https:\/\/www.villadjerba.be\/blog\/index.php\/sur-lile-de-djerba\/\" class=\"more-link\">Continuer la lecture<span class=\"screen-reader-text\"> de &laquo;&nbsp;Sur l&rsquo;\u00eele de Djerba&nbsp;&raquo;<\/span><\/a><\/p>\n","protected":false},"author":1,"featured_media":0,"parent":0,"menu_order":0,"comment_status":"closed","ping_status":"closed","template":"","meta":[],"_links":{"self":[{"href":"https:\/\/www.villadjerba.be\/blog\/index.php\/wp-json\/wp\/v2\/pages\/126"}],"collection":[{"href":"https:\/\/www.villadjerba.be\/blog\/index.php\/wp-json\/wp\/v2\/pages"}],"about":[{"href":"https:\/\/www.villadjerba.be\/blog\/index.php\/wp-json\/wp\/v2\/types\/page"}],"author":[{"embeddable":true,"href":"https:\/\/www.villadjerba.be\/blog\/index.php\/wp-json\/wp\/v2\/users\/1"}],"replies":[{"embeddable":true,"href":"https:\/\/www.villadjerba.be\/blog\/index.php\/wp-json\/wp\/v2\/comments?post=126"}],"version-history":[{"count":3,"href":"https:\/\/www.villadjerba.be\/blog\/index.php\/wp-json\/wp\/v2\/pages\/126\/revisions"}],"predecessor-version":[{"id":145,"href":"https:\/\/www.villadjerba.be\/blog\/index.php\/wp-json\/wp\/v2\/pages\/126\/revisions\/145"}],"wp:attachment":[{"href":"https:\/\/www.villadjerba.be\/blog\/index.php\/wp-json\/wp\/v2\/media?parent=126"}],"curies":[{"name":"wp","href":"https:\/\/api.w.org\/{rel}","templated":true}]}}